{"id":5217,"date":"2024-01-07T19:27:09","date_gmt":"2024-01-07T19:27:09","guid":{"rendered":"https:\/\/z6frttwr.ordoiuris.io\/broszury\/prawa-rodzicow-w-szkole\/"},"modified":"2024-10-10T11:22:16","modified_gmt":"2024-10-10T11:22:16","slug":"parents-rights-at-school","status":"publish","type":"page","link":"https:\/\/ordoiuris.pl\/en\/brochures\/parents-rights-at-school\/","title":{"rendered":"Parent&#8217;s Rights at School"},"content":{"rendered":"<style>.kb-row-layout-id1073_e09da5-87 > .kt-row-column-wrap{align-content:end;}:where(.kb-row-layout-id1073_e09da5-87 > .kt-row-column-wrap) > .wp-block-kadence-column{justify-content:end;}.kb-row-layout-id1073_e09da5-87 > .kt-row-column-wrap{column-gap:var(--global-kb-gap-md, 2rem);row-gap:var(--global-kb-gap-md, 2rem);max-width:var( --global-content-width, 1350px );padding-left:var(--global-content-edge-padding);padding-right:var(--global-content-edge-padding);padding-top:var(--global-kb-spacing-sm, 1.5rem);padding-bottom:var(--global-kb-spacing-lg, 3rem);min-height:400px;grid-template-columns:minmax(0, 1fr);}.kb-row-layout-id1073_e09da5-87 > .kt-row-layout-overlay{opacity:0.30;}@media all and (max-width: 1024px){.kb-row-layout-id1073_e09da5-87 > .kt-row-column-wrap{min-height:250px;grid-template-columns:minmax(0, 1fr);}}@media all and (max-width: 767px){.kb-row-layout-id1073_e09da5-87 > .kt-row-column-wrap{min-height:220px;grid-template-columns:minmax(0, 1fr);}}<\/style><div class=\"kb-row-layout-wrap kb-row-layout-id1073_e09da5-87 alignfull has-theme-palette2-background-color kt-row-has-bg wp-block-kadence-rowlayout\"><div class=\"kt-row-column-wrap kt-has-1-columns kt-row-layout-equal kt-tab-layout-inherit kt-mobile-layout-row kt-row-valign-bottom kb-theme-content-width\">\n<style>.kadence-column1073_a63735-4b > .kt-inside-inner-col,.kadence-column1073_a63735-4b > .kt-inside-inner-col:before{border-top-left-radius:0px;border-top-right-radius:0px;border-bottom-right-radius:0px;border-bottom-left-radius:0px;}.kadence-column1073_a63735-4b > .kt-inside-inner-col{column-gap:var(--global-kb-gap-sm, 1rem);}.kadence-column1073_a63735-4b > .kt-inside-inner-col{flex-direction:column;}.kadence-column1073_a63735-4b > .kt-inside-inner-col > .aligncenter{width:100%;}.kadence-column1073_a63735-4b > .kt-inside-inner-col:before{opacity:0.3;}.kadence-column1073_a63735-4b{position:relative;}@media all and (max-width: 1024px){.kadence-column1073_a63735-4b > .kt-inside-inner-col{flex-direction:column;justify-content:center;}}@media all and (max-width: 767px){.kadence-column1073_a63735-4b > .kt-inside-inner-col{flex-direction:column;justify-content:center;}}<\/style>\n<div class=\"wp-block-kadence-column kadence-column1073_a63735-4b\"><div class=\"kt-inside-inner-col\"><style>.wp-block-kadence-advancedheading.kt-adv-heading1073_d0da1c-25, .wp-block-kadence-advancedheading.kt-adv-heading1073_d0da1c-25[data-kb-block=\"kb-adv-heading1073_d0da1c-25\"]{text-align:center;font-size:64px;line-height:1em;font-style:normal;text-transform:uppercase;}.wp-block-kadence-advancedheading.kt-adv-heading1073_d0da1c-25 mark.kt-highlight, .wp-block-kadence-advancedheading.kt-adv-heading1073_d0da1c-25[data-kb-block=\"kb-adv-heading1073_d0da1c-25\"] mark.kt-highlight{font-size:40px;font-style:normal;color:var(--global-palette1, #3182CE);-webkit-box-decoration-break:clone;box-decoration-break:clone;padding-top:0px;padding-right:0px;padding-bottom:0px;padding-left:0px;}.wp-block-kadence-advancedheading.kt-adv-heading1073_d0da1c-25 img.kb-inline-image, .wp-block-kadence-advancedheading.kt-adv-heading1073_d0da1c-25[data-kb-block=\"kb-adv-heading1073_d0da1c-25\"] img.kb-inline-image{width:150px;vertical-align:baseline;}@media all and (max-width: 1024px){.wp-block-kadence-advancedheading.kt-adv-heading1073_d0da1c-25, .wp-block-kadence-advancedheading.kt-adv-heading1073_d0da1c-25[data-kb-block=\"kb-adv-heading1073_d0da1c-25\"]{font-size:50px;}}@media all and (max-width: 767px){.wp-block-kadence-advancedheading.kt-adv-heading1073_d0da1c-25, .wp-block-kadence-advancedheading.kt-adv-heading1073_d0da1c-25[data-kb-block=\"kb-adv-heading1073_d0da1c-25\"]{font-size:24px;}.wp-block-kadence-advancedheading.kt-adv-heading1073_d0da1c-25 mark.kt-highlight, .wp-block-kadence-advancedheading.kt-adv-heading1073_d0da1c-25[data-kb-block=\"kb-adv-heading1073_d0da1c-25\"] mark.kt-highlight{font-size:20px;}}<\/style>\n<h1 class=\"kt-adv-heading1073_d0da1c-25 wp360-heading wp360-h1-start wp-block-kadence-advancedheading has-theme-palette-9-color has-text-color\" data-kb-block=\"kb-adv-heading1073_d0da1c-25\"><mark class=\"kt-highlight\">Prawa rodzic\u00f3w w szkole<\/mark><\/h1>\n<\/div><\/div>\n\n<\/div><\/div>\n\n<style>.kb-row-layout-id1073_80565c-a0 > .kt-row-column-wrap{align-content:start;}:where(.kb-row-layout-id1073_80565c-a0 > .kt-row-column-wrap) > .wp-block-kadence-column{justify-content:start;}.kb-row-layout-id1073_80565c-a0 > .kt-row-column-wrap{column-gap:var(--global-kb-gap-md, 2rem);row-gap:var(--global-kb-gap-md, 2rem);max-width:var( --global-content-width, 1350px );padding-left:var(--global-content-edge-padding);padding-right:var(--global-content-edge-padding);padding-top:var(--global-kb-spacing-xl, 4rem);padding-bottom:var(--global-kb-spacing-xl, 4rem);grid-template-columns:minmax(0, 1fr);}.kb-row-layout-id1073_80565c-a0 > .kt-row-layout-overlay{opacity:0.30;}@media all and (max-width: 1024px){.kb-row-layout-id1073_80565c-a0 > .kt-row-column-wrap{grid-template-columns:minmax(0, 1fr);}}@media all and (max-width: 767px){.kb-row-layout-id1073_80565c-a0 > .kt-row-column-wrap{grid-template-columns:minmax(0, 1fr);}}<\/style><div class=\"kb-row-layout-wrap kb-row-layout-id1073_80565c-a0 alignfull wp-block-kadence-rowlayout\"><div class=\"kt-row-column-wrap kt-has-1-columns kt-row-layout-equal kt-tab-layout-inherit kt-mobile-layout-row kt-row-valign-top kb-theme-content-width\">\n<style>.kadence-column1073_e92d2c-17 > .kt-inside-inner-col,.kadence-column1073_e92d2c-17 > .kt-inside-inner-col:before{border-top-left-radius:0px;border-top-right-radius:0px;border-bottom-right-radius:0px;border-bottom-left-radius:0px;}.kadence-column1073_e92d2c-17 > .kt-inside-inner-col{column-gap:var(--global-kb-gap-sm, 1rem);}.kadence-column1073_e92d2c-17 > .kt-inside-inner-col{flex-direction:column;}.kadence-column1073_e92d2c-17 > .kt-inside-inner-col > .aligncenter{width:100%;}.kadence-column1073_e92d2c-17 > .kt-inside-inner-col:before{opacity:0.3;}.kadence-column1073_e92d2c-17{position:relative;}@media all and (max-width: 1024px){.kadence-column1073_e92d2c-17 > .kt-inside-inner-col{flex-direction:column;justify-content:center;}}@media all and (max-width: 767px){.kadence-column1073_e92d2c-17 > .kt-inside-inner-col{flex-direction:column;justify-content:center;}}<\/style>\n<div class=\"wp-block-kadence-column kadence-column1073_e92d2c-17\"><div class=\"kt-inside-inner-col\">\n<p class=\"has-text-align-left\">Konstytucja RP gwarantuje rodzicom prawo do wychowania dzieci zgodnie z w\u0142asnymi przekonaniami. Aby pom\u00f3c rodzicom w ich egzekwowaniu, Instytut Ordo Iuris przygotowa\u0142:<\/p>\n\n\n<style>.wp-block-kadence-advancedbtn.kb-btns1073_6a2218-32{gap:var(--global-kb-gap-xs, 0.5rem );justify-content:flex-start;align-items:center;}.kt-btns1073_6a2218-32 .kt-button{font-weight:normal;font-style:normal;}.kt-btns1073_6a2218-32 .kt-btn-wrap-0{margin-right:5px;}.wp-block-kadence-advancedbtn.kt-btns1073_6a2218-32 .kt-btn-wrap-0 .kt-button{color:#555555;border-color:#555555;}.wp-block-kadence-advancedbtn.kt-btns1073_6a2218-32 .kt-btn-wrap-0 .kt-button:hover, .wp-block-kadence-advancedbtn.kt-btns1073_6a2218-32 .kt-btn-wrap-0 .kt-button:focus{color:#ffffff;border-color:#444444;}.wp-block-kadence-advancedbtn.kt-btns1073_6a2218-32 .kt-btn-wrap-0 .kt-button::before{display:none;}.wp-block-kadence-advancedbtn.kt-btns1073_6a2218-32 .kt-btn-wrap-0 .kt-button:hover, .wp-block-kadence-advancedbtn.kt-btns1073_6a2218-32 .kt-btn-wrap-0 .kt-button:focus{background:#444444;}<\/style>\n<div class=\"wp-block-kadence-advancedbtn kb-buttons-wrap kb-btns1073_6a2218-32\"><style>ul.menu .wp-block-kadence-advancedbtn .kb-btn1073_4f8a87-a7.kb-button{width:initial;}.wp-block-kadence-advancedbtn .kb-btn1073_4f8a87-a7.kb-button{font-size:18px;border-top-left-radius:100px;border-top-right-radius:100px;border-bottom-right-radius:100px;border-bottom-left-radius:100px;border-top:1px solid var(--global-palette2, #2B6CB0);border-right:1px solid var(--global-palette2, #2B6CB0);border-bottom:1px solid var(--global-palette2, #2B6CB0);border-left:1px solid var(--global-palette2, #2B6CB0);padding-top:var(--global-kb-spacing-xs, 1rem);padding-right:var(--global-kb-spacing-sm, 1.5rem);padding-bottom:var(--global-kb-spacing-xs, 1rem);padding-left:var(--global-kb-spacing-sm, 1.5rem);}.kb-btn1073_4f8a87-a7.kb-button .kb-svg-icon-wrap{font-size:30px;--kb-button-icon-size:30px;}.wp-block-kadence-advancedbtn .kb-btn1073_4f8a87-a7.kb-button:hover, .wp-block-kadence-advancedbtn .kb-btn1073_4f8a87-a7.kb-button:focus{color:var(--global-palette9, #ffffff);background:var(--global-palette2, #2B6CB0);}@media all and (max-width: 1024px){.wp-block-kadence-advancedbtn .kb-btn1073_4f8a87-a7.kb-button{border-top:1px solid var(--global-palette2, #2B6CB0);border-right:1px solid var(--global-palette2, #2B6CB0);border-bottom:1px solid var(--global-palette2, #2B6CB0);border-left:1px solid var(--global-palette2, #2B6CB0);}}@media all and (max-width: 767px){.wp-block-kadence-advancedbtn .kb-btn1073_4f8a87-a7.kb-button{font-size:12px;border-top:1px solid var(--global-palette2, #2B6CB0);border-right:1px solid var(--global-palette2, #2B6CB0);border-bottom:1px solid var(--global-palette2, #2B6CB0);border-left:1px solid var(--global-palette2, #2B6CB0);}}<\/style><a class=\"kb-button kt-button button kb-btn1073_4f8a87-a7 kt-btn-size-standard kt-btn-width-type-auto kb-btn-global-outline  kt-btn-has-text-true kt-btn-has-svg-true  wp-block-kadence-singlebtn\" href=\"https:\/\/ordoiuris.pl\/wp-content\/uploads\/2024\/01\/prawa_rodzicow_w_szkole_2023_0.pdf\" target=\"_blank\" rel=\"noreferrer noopener\"><span class=\"kt-btn-inner-text\">przewodnik \u201ePrawa rodzic\u00f3w w szkole\u201d<\/span><span class=\"kb-svg-icon-wrap kb-svg-icon-fe_download kt-btn-icon-side-right\"><svg viewBox=\"0 0 24 24\"  fill=\"none\" stroke=\"currentColor\" stroke-width=\"2\" stroke-linecap=\"round\" stroke-linejoin=\"round\" xmlns=\"http:\/\/www.w3.org\/2000\/svg\"  aria-hidden=\"true\"><path d=\"M21 15v4a2 2 0 0 1-2 2H5a2 2 0 0 1-2-2v-4\"\/><polyline points=\"7 10 12 15 17 10\"\/><line x1=\"12\" y1=\"15\" x2=\"12\" y2=\"3\"\/><\/svg><\/span><\/a>\n\n<style>ul.menu .wp-block-kadence-advancedbtn .kb-btn1073_e391fc-44.kb-button{width:initial;}.wp-block-kadence-advancedbtn .kb-btn1073_e391fc-44.kb-button{font-size:18px;border-top-left-radius:100px;border-top-right-radius:100px;border-bottom-right-radius:100px;border-bottom-left-radius:100px;border-top:1px solid var(--global-palette2, #2B6CB0);border-right:1px solid var(--global-palette2, #2B6CB0);border-bottom:1px solid var(--global-palette2, #2B6CB0);border-left:1px solid var(--global-palette2, #2B6CB0);padding-top:var(--global-kb-spacing-xs, 1rem);padding-right:var(--global-kb-spacing-sm, 1.5rem);padding-bottom:var(--global-kb-spacing-xs, 1rem);padding-left:var(--global-kb-spacing-sm, 1.5rem);}.kb-btn1073_e391fc-44.kb-button .kb-svg-icon-wrap{font-size:30px;--kb-button-icon-size:30px;}.wp-block-kadence-advancedbtn .kb-btn1073_e391fc-44.kb-button:hover, .wp-block-kadence-advancedbtn .kb-btn1073_e391fc-44.kb-button:focus{color:var(--global-palette9, #ffffff);background:var(--global-palette2, #2B6CB0);}@media all and (max-width: 1024px){.wp-block-kadence-advancedbtn .kb-btn1073_e391fc-44.kb-button{border-top:1px solid var(--global-palette2, #2B6CB0);border-right:1px solid var(--global-palette2, #2B6CB0);border-bottom:1px solid var(--global-palette2, #2B6CB0);border-left:1px solid var(--global-palette2, #2B6CB0);}}@media all and (max-width: 767px){.wp-block-kadence-advancedbtn .kb-btn1073_e391fc-44.kb-button{font-size:12px;border-top:1px solid var(--global-palette2, #2B6CB0);border-right:1px solid var(--global-palette2, #2B6CB0);border-bottom:1px solid var(--global-palette2, #2B6CB0);border-left:1px solid var(--global-palette2, #2B6CB0);}}<\/style><a class=\"kb-button kt-button button kb-btn1073_e391fc-44 kt-btn-size-standard kt-btn-width-type-auto kb-btn-global-outline  kt-btn-has-text-true kt-btn-has-svg-true  wp-block-kadence-singlebtn\" href=\"https:\/\/ordoiuris.pl\/wp-content\/uploads\/2024\/01\/ulotka_20210831.pdf\" target=\"_blank\" rel=\"noreferrer noopener\"><span class=\"kt-btn-inner-text\">informator \u201eJak powstrzyma\u0107 wulgarn\u0105 edukacj\u0119 seksualn\u0105 w szkole\u201d<\/span><span class=\"kb-svg-icon-wrap kb-svg-icon-fe_download kt-btn-icon-side-right\"><svg viewBox=\"0 0 24 24\"  fill=\"none\" stroke=\"currentColor\" stroke-width=\"2\" stroke-linecap=\"round\" stroke-linejoin=\"round\" xmlns=\"http:\/\/www.w3.org\/2000\/svg\"  aria-hidden=\"true\"><path d=\"M21 15v4a2 2 0 0 1-2 2H5a2 2 0 0 1-2-2v-4\"\/><polyline points=\"7 10 12 15 17 10\"\/><line x1=\"12\" y1=\"15\" x2=\"12\" y2=\"3\"\/><\/svg><\/span><\/a>\n\n<style>ul.menu .wp-block-kadence-advancedbtn .kb-btn1073_51f40f-ab.kb-button{width:initial;}.wp-block-kadence-advancedbtn .kb-btn1073_51f40f-ab.kb-button{font-size:18px;border-top-left-radius:100px;border-top-right-radius:100px;border-bottom-right-radius:100px;border-bottom-left-radius:100px;border-top:1px solid var(--global-palette2, #2B6CB0);border-right:1px solid var(--global-palette2, #2B6CB0);border-bottom:1px solid var(--global-palette2, #2B6CB0);border-left:1px solid var(--global-palette2, #2B6CB0);padding-top:var(--global-kb-spacing-xs, 1rem);padding-right:var(--global-kb-spacing-sm, 1.5rem);padding-bottom:var(--global-kb-spacing-xs, 1rem);padding-left:var(--global-kb-spacing-sm, 1.5rem);}.kb-btn1073_51f40f-ab.kb-button .kb-svg-icon-wrap{font-size:30px;--kb-button-icon-size:30px;}.wp-block-kadence-advancedbtn .kb-btn1073_51f40f-ab.kb-button:hover, .wp-block-kadence-advancedbtn .kb-btn1073_51f40f-ab.kb-button:focus{color:var(--global-palette9, #ffffff);background:var(--global-palette2, #2B6CB0);}@media all and (max-width: 1024px){.wp-block-kadence-advancedbtn .kb-btn1073_51f40f-ab.kb-button{border-top:1px solid var(--global-palette2, #2B6CB0);border-right:1px solid var(--global-palette2, #2B6CB0);border-bottom:1px solid var(--global-palette2, #2B6CB0);border-left:1px solid var(--global-palette2, #2B6CB0);}}@media all and (max-width: 767px){.wp-block-kadence-advancedbtn .kb-btn1073_51f40f-ab.kb-button{font-size:12px;border-top:1px solid var(--global-palette2, #2B6CB0);border-right:1px solid var(--global-palette2, #2B6CB0);border-bottom:1px solid var(--global-palette2, #2B6CB0);border-left:1px solid var(--global-palette2, #2B6CB0);}}<\/style><a class=\"kb-button kt-button button kb-btn1073_51f40f-ab kt-btn-size-standard kt-btn-width-type-auto kb-btn-global-outline  kt-btn-has-text-true kt-btn-has-svg-true  wp-block-kadence-singlebtn\" href=\"https:\/\/ordoiuris.pl\/wp-content\/uploads\/2024\/01\/rodzicielskie_oswiadczenie_wychowawcze_1.pdf\" target=\"_blank\" rel=\"noreferrer noopener\"><span class=\"kt-btn-inner-text\">wz\u00f3r rodzicielskiego o\u015bwiadczenia wychowawczego<\/span><span class=\"kb-svg-icon-wrap kb-svg-icon-fe_download kt-btn-icon-side-right\"><svg viewBox=\"0 0 24 24\"  fill=\"none\" stroke=\"currentColor\" stroke-width=\"2\" stroke-linecap=\"round\" stroke-linejoin=\"round\" xmlns=\"http:\/\/www.w3.org\/2000\/svg\"  aria-hidden=\"true\"><path d=\"M21 15v4a2 2 0 0 1-2 2H5a2 2 0 0 1-2-2v-4\"\/><polyline points=\"7 10 12 15 17 10\"\/><line x1=\"12\" y1=\"15\" x2=\"12\" y2=\"3\"\/><\/svg><\/span><\/a>\n\n<style>ul.menu .wp-block-kadence-advancedbtn .kb-btn1073_c9540a-4c.kb-button{width:initial;}.wp-block-kadence-advancedbtn .kb-btn1073_c9540a-4c.kb-button{font-size:18px;border-top-left-radius:100px;border-top-right-radius:100px;border-bottom-right-radius:100px;border-bottom-left-radius:100px;border-top:1px solid var(--global-palette2, #2B6CB0);border-right:1px solid var(--global-palette2, #2B6CB0);border-bottom:1px solid var(--global-palette2, #2B6CB0);border-left:1px solid var(--global-palette2, #2B6CB0);padding-top:var(--global-kb-spacing-xs, 1rem);padding-right:var(--global-kb-spacing-sm, 1.5rem);padding-bottom:var(--global-kb-spacing-xs, 1rem);padding-left:var(--global-kb-spacing-sm, 1.5rem);}.kb-btn1073_c9540a-4c.kb-button .kb-svg-icon-wrap{font-size:30px;--kb-button-icon-size:30px;}.wp-block-kadence-advancedbtn .kb-btn1073_c9540a-4c.kb-button:hover, .wp-block-kadence-advancedbtn .kb-btn1073_c9540a-4c.kb-button:focus{color:var(--global-palette9, #ffffff);background:var(--global-palette2, #2B6CB0);}@media all and (max-width: 1024px){.wp-block-kadence-advancedbtn .kb-btn1073_c9540a-4c.kb-button{border-top:1px solid var(--global-palette2, #2B6CB0);border-right:1px solid var(--global-palette2, #2B6CB0);border-bottom:1px solid var(--global-palette2, #2B6CB0);border-left:1px solid var(--global-palette2, #2B6CB0);}}@media all and (max-width: 767px){.wp-block-kadence-advancedbtn .kb-btn1073_c9540a-4c.kb-button{font-size:12px;border-top:1px solid var(--global-palette2, #2B6CB0);border-right:1px solid var(--global-palette2, #2B6CB0);border-bottom:1px solid var(--global-palette2, #2B6CB0);border-left:1px solid var(--global-palette2, #2B6CB0);}}<\/style><a class=\"kb-button kt-button button kb-btn1073_c9540a-4c kt-btn-size-standard kt-btn-width-type-auto kb-btn-global-outline  kt-btn-has-text-true kt-btn-has-svg-true  wp-block-kadence-singlebtn\" href=\"https:\/\/ordoiuris.pl\/wp-content\/uploads\/2024\/01\/przewodnik_infografiki.pdf\" target=\"_blank\" rel=\"noreferrer noopener\"><span class=\"kt-btn-inner-text\">przewodnik w infografikach<\/span><span class=\"kb-svg-icon-wrap kb-svg-icon-fe_download kt-btn-icon-side-right\"><svg viewBox=\"0 0 24 24\"  fill=\"none\" stroke=\"currentColor\" stroke-width=\"2\" stroke-linecap=\"round\" stroke-linejoin=\"round\" xmlns=\"http:\/\/www.w3.org\/2000\/svg\"  aria-hidden=\"true\"><path d=\"M21 15v4a2 2 0 0 1-2 2H5a2 2 0 0 1-2-2v-4\"\/><polyline points=\"7 10 12 15 17 10\"\/><line x1=\"12\" y1=\"15\" x2=\"12\" y2=\"3\"\/><\/svg><\/span><\/a><\/div>\n<\/div><\/div>\n\n<\/div><\/div>","protected":false},"excerpt":{"rendered":"<p>Prawa rodzic\u00f3w w szkole Konstytucja RP gwarantuje rodzicom prawo do wychowania dzieci zgodnie z w\u0142asnymi przekonaniami. Aby pom\u00f3c rodzicom w ich egzekwowaniu, Instytut Ordo Iuris przygotowa\u0142:<\/p>\n","protected":false},"author":3,"featured_media":0,"parent":5216,"menu_order":0,"comment_status":"closed","ping_status":"closed","template":"","meta":{"_acf_changed":false,"_kad_blocks_custom_css":"","_kad_blocks_head_custom_js":"","_kad_blocks_body_custom_js":"","_kad_blocks_footer_custom_js":"","_kad_post_transparent":"","_kad_post_title":"","_kad_post_layout":"","_kad_post_sidebar_id":"","_kad_post_content_style":"","_kad_post_vertical_padding":"","_kad_post_feature":"","_kad_post_feature_position":"","_kad_post_header":false,"_kad_post_footer":false,"_kad_post_classname":"","footnotes":""},"class_list":["post-5217","page","type-page","status-publish","hentry"],"acf":[],"yoast_head":"<!-- This site is optimized with the Yoast SEO plugin v27.3 - https:\/\/yoast.com\/product\/yoast-seo-wordpress\/ -->\n<title>Parent&#039;s Rights at School - ordoiuris.pl<\/title>\n<meta name=\"robots\" content=\"index, follow, max-snippet:-1, max-image-preview:large, max-video-preview:-1\" \/>\n<link rel=\"canonical\" href=\"https:\/\/ordoiuris.pl\/en\/brochures\/parents-rights-at-school\/\" \/>\n<meta property=\"og:locale\" content=\"en_US\" \/>\n<meta property=\"og:type\" content=\"article\" \/>\n<meta property=\"og:title\" content=\"Parent&#039;s Rights at School - ordoiuris.pl\" \/>\n<meta property=\"og:description\" content=\"Prawa rodzic\u00f3w w szkole Konstytucja RP gwarantuje rodzicom prawo do wychowania dzieci zgodnie z w\u0142asnymi przekonaniami. Aby pom\u00f3c rodzicom w ich egzekwowaniu, Instytut Ordo Iuris przygotowa\u0142:\" \/>\n<meta property=\"og:url\" content=\"https:\/\/ordoiuris.pl\/en\/brochures\/parents-rights-at-school\/\" \/>\n<meta property=\"og:site_name\" content=\"ordoiuris.pl\" \/>\n<meta property=\"article:modified_time\" content=\"2024-10-10T11:22:16+00:00\" \/>\n<meta name=\"twitter:card\" content=\"summary_large_image\" \/>\n<meta name=\"twitter:label1\" content=\"Est. reading time\" \/>\n\t<meta name=\"twitter:data1\" content=\"1 minute\" \/>\n<script type=\"application\/ld+json\" class=\"yoast-schema-graph\">{\"@context\":\"https:\\\/\\\/schema.org\",\"@graph\":[{\"@type\":\"WebPage\",\"@id\":\"https:\\\/\\\/ordoiuris.pl\\\/en\\\/brochures\\\/parents-rights-at-school\\\/\",\"url\":\"https:\\\/\\\/ordoiuris.pl\\\/en\\\/brochures\\\/parents-rights-at-school\\\/\",\"name\":\"Parent's Rights at School - ordoiuris.pl\",\"isPartOf\":{\"@id\":\"https:\\\/\\\/ordoiuris.pl\\\/en\\\/#website\"},\"datePublished\":\"2024-01-07T19:27:09+00:00\",\"dateModified\":\"2024-10-10T11:22:16+00:00\",\"breadcrumb\":{\"@id\":\"https:\\\/\\\/ordoiuris.pl\\\/en\\\/brochures\\\/parents-rights-at-school\\\/#breadcrumb\"},\"inLanguage\":\"en-US\",\"potentialAction\":[{\"@type\":\"ReadAction\",\"target\":[\"https:\\\/\\\/ordoiuris.pl\\\/en\\\/brochures\\\/parents-rights-at-school\\\/\"]}]},{\"@type\":\"BreadcrumbList\",\"@id\":\"https:\\\/\\\/ordoiuris.pl\\\/en\\\/brochures\\\/parents-rights-at-school\\\/#breadcrumb\",\"itemListElement\":[{\"@type\":\"ListItem\",\"position\":1,\"name\":\"Strona g\u0142\u00f3wna\",\"item\":\"https:\\\/\\\/ordoiuris.pl\\\/en\\\/\"},{\"@type\":\"ListItem\",\"position\":2,\"name\":\"Brochures\",\"item\":\"https:\\\/\\\/ordoiuris.pl\\\/en\\\/brochures\\\/\"},{\"@type\":\"ListItem\",\"position\":3,\"name\":\"Parent&#8217;s Rights at School\"}]},{\"@type\":\"WebSite\",\"@id\":\"https:\\\/\\\/ordoiuris.pl\\\/en\\\/#website\",\"url\":\"https:\\\/\\\/ordoiuris.pl\\\/en\\\/\",\"name\":\"ordoiuris.pl\",\"description\":\"\",\"publisher\":{\"@id\":\"https:\\\/\\\/ordoiuris.pl\\\/en\\\/#organization\"},\"potentialAction\":[{\"@type\":\"SearchAction\",\"target\":{\"@type\":\"EntryPoint\",\"urlTemplate\":\"https:\\\/\\\/ordoiuris.pl\\\/en\\\/?s={search_term_string}\"},\"query-input\":{\"@type\":\"PropertyValueSpecification\",\"valueRequired\":true,\"valueName\":\"search_term_string\"}}],\"inLanguage\":\"en-US\"},{\"@type\":\"Organization\",\"@id\":\"https:\\\/\\\/ordoiuris.pl\\\/en\\\/#organization\",\"name\":\"ordoiuris.pl\",\"url\":\"https:\\\/\\\/ordoiuris.pl\\\/en\\\/\",\"logo\":{\"@type\":\"ImageObject\",\"inLanguage\":\"en-US\",\"@id\":\"https:\\\/\\\/ordoiuris.pl\\\/en\\\/#\\\/schema\\\/logo\\\/image\\\/\",\"url\":\"https:\\\/\\\/ordoiuris.pl\\\/wp-content\\\/uploads\\\/2025\\\/06\\\/logo_oi_eng-1.png\",\"contentUrl\":\"https:\\\/\\\/ordoiuris.pl\\\/wp-content\\\/uploads\\\/2025\\\/06\\\/logo_oi_eng-1.png\",\"width\":400,\"height\":400,\"caption\":\"ordoiuris.pl\"},\"image\":{\"@id\":\"https:\\\/\\\/ordoiuris.pl\\\/en\\\/#\\\/schema\\\/logo\\\/image\\\/\"}}]}<\/script>\n<!-- \/ Yoast SEO plugin. -->","yoast_head_json":{"title":"Parent's Rights at School - ordoiuris.pl","robots":{"index":"index","follow":"follow","max-snippet":"max-snippet:-1","max-image-preview":"max-image-preview:large","max-video-preview":"max-video-preview:-1"},"canonical":"https:\/\/ordoiuris.pl\/en\/brochures\/parents-rights-at-school\/","og_locale":"en_US","og_type":"article","og_title":"Parent's Rights at School - ordoiuris.pl","og_description":"Prawa rodzic\u00f3w w szkole Konstytucja RP gwarantuje rodzicom prawo do wychowania dzieci zgodnie z w\u0142asnymi przekonaniami. Aby pom\u00f3c rodzicom w ich egzekwowaniu, Instytut Ordo Iuris przygotowa\u0142:","og_url":"https:\/\/ordoiuris.pl\/en\/brochures\/parents-rights-at-school\/","og_site_name":"ordoiuris.pl","article_modified_time":"2024-10-10T11:22:16+00:00","twitter_card":"summary_large_image","twitter_misc":{"Est. reading time":"1 minute"},"schema":{"@context":"https:\/\/schema.org","@graph":[{"@type":"WebPage","@id":"https:\/\/ordoiuris.pl\/en\/brochures\/parents-rights-at-school\/","url":"https:\/\/ordoiuris.pl\/en\/brochures\/parents-rights-at-school\/","name":"Parent's Rights at School - ordoiuris.pl","isPartOf":{"@id":"https:\/\/ordoiuris.pl\/en\/#website"},"datePublished":"2024-01-07T19:27:09+00:00","dateModified":"2024-10-10T11:22:16+00:00","breadcrumb":{"@id":"https:\/\/ordoiuris.pl\/en\/brochures\/parents-rights-at-school\/#breadcrumb"},"inLanguage":"en-US","potentialAction":[{"@type":"ReadAction","target":["https:\/\/ordoiuris.pl\/en\/brochures\/parents-rights-at-school\/"]}]},{"@type":"BreadcrumbList","@id":"https:\/\/ordoiuris.pl\/en\/brochures\/parents-rights-at-school\/#breadcrumb","itemListElement":[{"@type":"ListItem","position":1,"name":"Strona g\u0142\u00f3wna","item":"https:\/\/ordoiuris.pl\/en\/"},{"@type":"ListItem","position":2,"name":"Brochures","item":"https:\/\/ordoiuris.pl\/en\/brochures\/"},{"@type":"ListItem","position":3,"name":"Parent&#8217;s Rights at School"}]},{"@type":"WebSite","@id":"https:\/\/ordoiuris.pl\/en\/#website","url":"https:\/\/ordoiuris.pl\/en\/","name":"ordoiuris.pl","description":"","publisher":{"@id":"https:\/\/ordoiuris.pl\/en\/#organization"},"potentialAction":[{"@type":"SearchAction","target":{"@type":"EntryPoint","urlTemplate":"https:\/\/ordoiuris.pl\/en\/?s={search_term_string}"},"query-input":{"@type":"PropertyValueSpecification","valueRequired":true,"valueName":"search_term_string"}}],"inLanguage":"en-US"},{"@type":"Organization","@id":"https:\/\/ordoiuris.pl\/en\/#organization","name":"ordoiuris.pl","url":"https:\/\/ordoiuris.pl\/en\/","logo":{"@type":"ImageObject","inLanguage":"en-US","@id":"https:\/\/ordoiuris.pl\/en\/#\/schema\/logo\/image\/","url":"https:\/\/ordoiuris.pl\/wp-content\/uploads\/2025\/06\/logo_oi_eng-1.png","contentUrl":"https:\/\/ordoiuris.pl\/wp-content\/uploads\/2025\/06\/logo_oi_eng-1.png","width":400,"height":400,"caption":"ordoiuris.pl"},"image":{"@id":"https:\/\/ordoiuris.pl\/en\/#\/schema\/logo\/image\/"}}]}},"taxonomy_info":[],"featured_image_src_large":false,"author_info":{"display_name":"Olivier Bault","author_link":"https:\/\/ordoiuris.pl\/en\/author\/olivier_bault\/"},"comment_info":0,"_links":{"self":[{"href":"https:\/\/ordoiuris.pl\/en\/wp-json\/wp\/v2\/pages\/5217","targetHints":{"allow":["GET"]}}],"collection":[{"href":"https:\/\/ordoiuris.pl\/en\/wp-json\/wp\/v2\/pages"}],"about":[{"href":"https:\/\/ordoiuris.pl\/en\/wp-json\/wp\/v2\/types\/page"}],"author":[{"embeddable":true,"href":"https:\/\/ordoiuris.pl\/en\/wp-json\/wp\/v2\/users\/3"}],"replies":[{"embeddable":true,"href":"https:\/\/ordoiuris.pl\/en\/wp-json\/wp\/v2\/comments?post=5217"}],"version-history":[{"count":0,"href":"https:\/\/ordoiuris.pl\/en\/wp-json\/wp\/v2\/pages\/5217\/revisions"}],"up":[{"embeddable":true,"href":"https:\/\/ordoiuris.pl\/en\/wp-json\/wp\/v2\/pages\/5216"}],"wp:attachment":[{"href":"https:\/\/ordoiuris.pl\/en\/wp-json\/wp\/v2\/media?parent=5217"}],"curies":[{"name":"wp","href":"https:\/\/api.w.org\/{rel}","templated":true}]}}