{"id":5226,"date":"2024-01-23T21:03:41","date_gmt":"2024-01-23T21:03:41","guid":{"rendered":"https:\/\/z6frttwr.ordoiuris.io\/klauzula-informacyjna\/"},"modified":"2024-10-10T11:34:26","modified_gmt":"2024-10-10T11:34:26","slug":"information-clause","status":"publish","type":"page","link":"https:\/\/ordoiuris.pl\/en\/information-clause\/","title":{"rendered":"Information Clause"},"content":{"rendered":"<style>.kb-row-layout-id1885_12f331-82 > .kt-row-column-wrap{align-content:end;}:where(.kb-row-layout-id1885_12f331-82 > .kt-row-column-wrap) > .wp-block-kadence-column{justify-content:end;}.kb-row-layout-id1885_12f331-82 > .kt-row-column-wrap{column-gap:var(--global-kb-gap-md, 2rem);row-gap:var(--global-kb-gap-md, 2rem);max-width:var( --global-content-width, 1350px );padding-left:var(--global-content-edge-padding);padding-right:var(--global-content-edge-padding);padding-top:var(--global-kb-spacing-sm, 1.5rem);padding-bottom:var(--global-kb-spacing-lg, 3rem);min-height:400px;grid-template-columns:minmax(0, 1fr);}.kb-row-layout-id1885_12f331-82 > .kt-row-layout-overlay{opacity:0.30;}@media all and (max-width: 1024px){.kb-row-layout-id1885_12f331-82 > .kt-row-column-wrap{min-height:250px;grid-template-columns:minmax(0, 1fr);}}@media all and (max-width: 767px){.kb-row-layout-id1885_12f331-82 > .kt-row-column-wrap{min-height:220px;grid-template-columns:minmax(0, 1fr);}}<\/style><div class=\"kb-row-layout-wrap kb-row-layout-id1885_12f331-82 alignfull has-theme-palette2-background-color kt-row-has-bg wp-block-kadence-rowlayout\"><div class=\"kt-row-column-wrap kt-has-1-columns kt-row-layout-equal kt-tab-layout-inherit kt-mobile-layout-row kt-row-valign-bottom kb-theme-content-width\">\n<style>.kadence-column1885_6d8d46-a9 > .kt-inside-inner-col,.kadence-column1885_6d8d46-a9 > .kt-inside-inner-col:before{border-top-left-radius:0px;border-top-right-radius:0px;border-bottom-right-radius:0px;border-bottom-left-radius:0px;}.kadence-column1885_6d8d46-a9 > .kt-inside-inner-col{column-gap:var(--global-kb-gap-sm, 1rem);}.kadence-column1885_6d8d46-a9 > .kt-inside-inner-col{flex-direction:column;}.kadence-column1885_6d8d46-a9 > .kt-inside-inner-col > .aligncenter{width:100%;}.kadence-column1885_6d8d46-a9 > .kt-inside-inner-col:before{opacity:0.3;}.kadence-column1885_6d8d46-a9{position:relative;}@media all and (max-width: 1024px){.kadence-column1885_6d8d46-a9 > .kt-inside-inner-col{flex-direction:column;justify-content:center;}}@media all and (max-width: 767px){.kadence-column1885_6d8d46-a9 > .kt-inside-inner-col{flex-direction:column;justify-content:center;}}<\/style>\n<div class=\"wp-block-kadence-column kadence-column1885_6d8d46-a9\"><div class=\"kt-inside-inner-col\"><style>.wp-block-kadence-advancedheading.kt-adv-heading1885_c19aa7-18, .wp-block-kadence-advancedheading.kt-adv-heading1885_c19aa7-18[data-kb-block=\"kb-adv-heading1885_c19aa7-18\"]{text-align:center;font-size:64px;line-height:1em;font-style:normal;text-transform:uppercase;}.wp-block-kadence-advancedheading.kt-adv-heading1885_c19aa7-18 mark.kt-highlight, .wp-block-kadence-advancedheading.kt-adv-heading1885_c19aa7-18[data-kb-block=\"kb-adv-heading1885_c19aa7-18\"] mark.kt-highlight{font-size:40px;font-style:normal;color:var(--global-palette1, #3182CE);-webkit-box-decoration-break:clone;box-decoration-break:clone;padding-top:0px;padding-right:0px;padding-bottom:0px;padding-left:0px;}.wp-block-kadence-advancedheading.kt-adv-heading1885_c19aa7-18 img.kb-inline-image, .wp-block-kadence-advancedheading.kt-adv-heading1885_c19aa7-18[data-kb-block=\"kb-adv-heading1885_c19aa7-18\"] img.kb-inline-image{width:150px;vertical-align:baseline;}@media all and (max-width: 1024px){.wp-block-kadence-advancedheading.kt-adv-heading1885_c19aa7-18, .wp-block-kadence-advancedheading.kt-adv-heading1885_c19aa7-18[data-kb-block=\"kb-adv-heading1885_c19aa7-18\"]{font-size:50px;}}@media all and (max-width: 767px){.wp-block-kadence-advancedheading.kt-adv-heading1885_c19aa7-18, .wp-block-kadence-advancedheading.kt-adv-heading1885_c19aa7-18[data-kb-block=\"kb-adv-heading1885_c19aa7-18\"]{font-size:24px;}.wp-block-kadence-advancedheading.kt-adv-heading1885_c19aa7-18 mark.kt-highlight, .wp-block-kadence-advancedheading.kt-adv-heading1885_c19aa7-18[data-kb-block=\"kb-adv-heading1885_c19aa7-18\"] mark.kt-highlight{font-size:20px;}}<\/style>\n<h1 class=\"kt-adv-heading1885_c19aa7-18 wp360-heading wp360-h1-start wp-block-kadence-advancedheading has-theme-palette-9-color has-text-color\" data-kb-block=\"kb-adv-heading1885_c19aa7-18\"><mark class=\"kt-highlight\">Klauzula informacyjna<\/mark><\/h1>\n<\/div><\/div>\n\n<\/div><\/div>\n\n<style>.kb-row-layout-id1885_91d0a9-42 > .kt-row-column-wrap{align-content:start;}:where(.kb-row-layout-id1885_91d0a9-42 > .kt-row-column-wrap) > .wp-block-kadence-column{justify-content:start;}.kb-row-layout-id1885_91d0a9-42 > .kt-row-column-wrap{column-gap:var(--global-kb-gap-md, 2rem);row-gap:var(--global-kb-gap-md, 2rem);max-width:var( --global-content-width, 1350px );padding-left:var(--global-content-edge-padding);padding-right:var(--global-content-edge-padding);padding-top:var(--global-kb-spacing-lg, 3rem);padding-bottom:var(--global-kb-spacing-lg, 3rem);grid-template-columns:minmax(0, 1fr);}.kb-row-layout-id1885_91d0a9-42 > .kt-row-layout-overlay{opacity:0.30;}@media all and (max-width: 1024px){.kb-row-layout-id1885_91d0a9-42 > .kt-row-column-wrap{padding-top:var(--global-kb-spacing-sm, 1.5rem);padding-bottom:var(--global-kb-spacing-sm, 1.5rem);grid-template-columns:minmax(0, 1fr);}}@media all and (max-width: 767px){.kb-row-layout-id1885_91d0a9-42 > .kt-row-column-wrap{grid-template-columns:minmax(0, 1fr);}}<\/style><div class=\"kb-row-layout-wrap kb-row-layout-id1885_91d0a9-42 alignfull wp-block-kadence-rowlayout\"><div class=\"kt-row-column-wrap kt-has-1-columns kt-row-layout-equal kt-tab-layout-inherit kt-mobile-layout-row kt-row-valign-top kb-theme-content-width\">\n<style>.kadence-column1885_a706a9-a0 > .kt-inside-inner-col,.kadence-column1885_a706a9-a0 > .kt-inside-inner-col:before{border-top-left-radius:0px;border-top-right-radius:0px;border-bottom-right-radius:0px;border-bottom-left-radius:0px;}.kadence-column1885_a706a9-a0 > .kt-inside-inner-col{column-gap:var(--global-kb-gap-sm, 1rem);}.kadence-column1885_a706a9-a0 > .kt-inside-inner-col{flex-direction:column;}.kadence-column1885_a706a9-a0 > .kt-inside-inner-col > .aligncenter{width:100%;}.kadence-column1885_a706a9-a0 > .kt-inside-inner-col:before{opacity:0.3;}.kadence-column1885_a706a9-a0{position:relative;}@media all and (max-width: 1024px){.kadence-column1885_a706a9-a0 > .kt-inside-inner-col{flex-direction:column;justify-content:center;}}@media all and (max-width: 767px){.kadence-column1885_a706a9-a0 > .kt-inside-inner-col{flex-direction:column;justify-content:center;}}<\/style>\n<div class=\"wp-block-kadence-column kadence-column1885_a706a9-a0\"><div class=\"kt-inside-inner-col\">\n<p>Zgodnie z art. 13 ust. 1 i 2 rozporz\u0105dzenia Parlamentu Europejskiego i Rady (UE) 2016\/679 z 27.04.2016 r. w sprawie ochrony os\u00f3b fizycznych w zwi\u0105zku z przetwarzaniem danych osobowych i w sprawie swobodnego przep\u0142ywu takich danych oraz uchylenia dyrektywy 95\/46\/WE (og\u00f3lne rozporz\u0105dzenie o ochronie danych) (Dz. U. UE. L. z 2016 r. Nr 119, str. 1) \u2013 dalej RODO informujemy, \u017ce:<\/p>\n\n\n\n<p>1) administratorem Pani\/Pana danych osobowych jest Fundacja Instytut na Rzecz Kultury Prawnej Ordo Iuris z siedzib\u0105 w Warszawie przy ul. G\u00f3rno\u015bl\u0105skiej 20\/6, 00-484 Warszawa, dane Inspektora Ochrony Danych:&nbsp;<a href=\"mailto:iod@ordoiuris.pl\">iod@ordoiuris.pl<\/a>,&nbsp;<\/p>\n\n\n\n<p>2) nasza Fundacja zbiera i przetwarza dane osobowe przekazane nam w CV, li\u015bcie motywacyjnym lub w innych formularzach niezb\u0119dnych w ramach procesu rekrutacji w zakresie i na podstawie w\u0142a\u015bciwych przepis\u00f3w tj. Kodeksu pracy (w przypadku ubiegania si\u0119 o zatrudnienia o umow\u0119 o prac\u0119) i Kodeksu cywilnego (w przypadku ubiegania si\u0119 o stanowisko na podstawie umowy cywilnoprawnej),<\/p>\n\n\n\n<p>3) uzyskane dane na Pana\/Pani temat, u\u017cywamy w celu umo\u017cliwienia nam zapewnienia sprawnego przebiegu procesu rekrutacji na dane stanowisko,<\/p>\n\n\n\n<p>4) odbiorc\u0105 Pani\/Pana danych osobowych mog\u0105 by\u0107 podmioty \u015bwiadcz\u0105ce na nasz\u0105 rzecz us\u0142ugi w szczeg\u00f3lno\u015bci hostingowe, informatyczne, drukarskie, wysy\u0142kowe, p\u0142atnicze. prawnicze, ksi\u0119gowe, kadrowe,<\/p>\n\n\n\n<p>5) w przypadku udanej rekrutacji, Pana\/Pani dane osobowe b\u0119d\u0105 przechowywane w celu przygotowania umowy o prac\u0119 lub umowy cywilnoprawnej, zgodnie z przepisami ustawowymi. Dokumenty odrzuconych kandydat\u00f3w b\u0119d\u0105 usuwane najp\u00f3\u017aniej po sze\u015bciu miesi\u0105cach od zako\u0144czenia procesu rekrutacji,<\/p>\n\n\n\n<p>6)&nbsp;posiada Pani\/Pan prawo dost\u0119pu do tre\u015bci swoich danych oraz prawo ich sprostowania, usuni\u0119cia, ograniczenia przetwarzania, prawo do przenoszenia danych, prawo wniesienia sprzeciwu, prawo do cofni\u0119cia zgody na ich przetwarzanie w dowolnym momencie bez wp\u0142ywu na zgodno\u015b\u0107 z prawem przetwarzania, kt\u00f3rego dokonano na podstawie zgody wyra\u017conej przed jej cofni\u0119ciem,<\/p>\n\n\n\n<p>7) ma Pan\/Pani prawo wniesienia skargi do Prezesa Urz\u0119du Ochrony Danych Osobowych, gdy uzna Pani\/Pan, i\u017c przetwarzanie danych osobowych Pani\/Pana dotycz\u0105cych narusza przepisy RODO,<\/p>\n\n\n\n<p>8) podanie przez Pana\/Pani\u0105 danych osobowych jest dobrowolne, ale konieczne dla cel\u00f3w zwi\u0105zanych z przeprowadzeniem procesu rekrutacji na dane stanowisko,<\/p>\n\n\n\n<p>9) Pani\/Pana dane mog\u0105 by\u0107 przetwarzane w spos\u00f3b zautomatyzowany, w tym r\u00f3wnie\u017c w formie profilowania. Jednak decyzje dotycz\u0105ce indywidualnej osoby, zwi\u0105zane z tym przetwarzaniem nie b\u0119d\u0105 zautomatyzowane.<\/p>\n<\/div><\/div>\n\n<\/div><\/div>","protected":false},"excerpt":{"rendered":"<p>Klauzula informacyjna Zgodnie z art. 13 ust. 1 i 2 rozporz\u0105dzenia Parlamentu Europejskiego i Rady (UE) 2016\/679 z 27.04.2016 r. w sprawie ochrony os\u00f3b fizycznych w zwi\u0105zku z przetwarzaniem danych osobowych i w sprawie swobodnego przep\u0142ywu takich danych oraz uchylenia dyrektywy 95\/46\/WE (og\u00f3lne rozporz\u0105dzenie o ochronie danych) (Dz. U. UE. L. z 2016 r. Nr&#8230;<\/p>\n","protected":false},"author":3,"featured_media":0,"parent":0,"menu_order":0,"comment_status":"closed","ping_status":"closed","template":"","meta":{"_acf_changed":false,"_kad_blocks_custom_css":"","_kad_blocks_head_custom_js":"","_kad_blocks_body_custom_js":"","_kad_blocks_footer_custom_js":"","_kad_post_transparent":"","_kad_post_title":"","_kad_post_layout":"","_kad_post_sidebar_id":"","_kad_post_content_style":"","_kad_post_vertical_padding":"","_kad_post_feature":"","_kad_post_feature_position":"","_kad_post_header":false,"_kad_post_footer":false,"_kad_post_classname":"","footnotes":""},"class_list":["post-5226","page","type-page","status-publish","hentry"],"acf":[],"yoast_head":"<!-- This site is optimized with the Yoast SEO plugin v27.3 - https:\/\/yoast.com\/product\/yoast-seo-wordpress\/ -->\n<title>Information Clause - ordoiuris.pl<\/title>\n<meta name=\"robots\" content=\"index, follow, max-snippet:-1, max-image-preview:large, max-video-preview:-1\" \/>\n<link rel=\"canonical\" href=\"https:\/\/ordoiuris.pl\/en\/information-clause\/\" \/>\n<meta property=\"og:locale\" content=\"en_US\" \/>\n<meta property=\"og:type\" content=\"article\" \/>\n<meta property=\"og:title\" content=\"Information Clause - ordoiuris.pl\" \/>\n<meta property=\"og:description\" content=\"Klauzula informacyjna Zgodnie z art. 13 ust. 1 i 2 rozporz\u0105dzenia Parlamentu Europejskiego i Rady (UE) 2016\/679 z 27.04.2016 r. w sprawie ochrony os\u00f3b fizycznych w zwi\u0105zku z przetwarzaniem danych osobowych i w sprawie swobodnego przep\u0142ywu takich danych oraz uchylenia dyrektywy 95\/46\/WE (og\u00f3lne rozporz\u0105dzenie o ochronie danych) (Dz. U. UE. L. z 2016 r. Nr...\" \/>\n<meta property=\"og:url\" content=\"https:\/\/ordoiuris.pl\/en\/information-clause\/\" \/>\n<meta property=\"og:site_name\" content=\"ordoiuris.pl\" \/>\n<meta property=\"article:modified_time\" content=\"2024-10-10T11:34:26+00:00\" \/>\n<meta name=\"twitter:card\" content=\"summary_large_image\" \/>\n<meta name=\"twitter:label1\" content=\"Est. reading time\" \/>\n\t<meta name=\"twitter:data1\" content=\"3 minutes\" \/>\n<script type=\"application\/ld+json\" class=\"yoast-schema-graph\">{\"@context\":\"https:\\\/\\\/schema.org\",\"@graph\":[{\"@type\":\"WebPage\",\"@id\":\"https:\\\/\\\/ordoiuris.pl\\\/en\\\/information-clause\\\/\",\"url\":\"https:\\\/\\\/ordoiuris.pl\\\/en\\\/information-clause\\\/\",\"name\":\"Information Clause - ordoiuris.pl\",\"isPartOf\":{\"@id\":\"https:\\\/\\\/ordoiuris.pl\\\/en\\\/#website\"},\"datePublished\":\"2024-01-23T21:03:41+00:00\",\"dateModified\":\"2024-10-10T11:34:26+00:00\",\"breadcrumb\":{\"@id\":\"https:\\\/\\\/ordoiuris.pl\\\/en\\\/information-clause\\\/#breadcrumb\"},\"inLanguage\":\"en-US\",\"potentialAction\":[{\"@type\":\"ReadAction\",\"target\":[\"https:\\\/\\\/ordoiuris.pl\\\/en\\\/information-clause\\\/\"]}]},{\"@type\":\"BreadcrumbList\",\"@id\":\"https:\\\/\\\/ordoiuris.pl\\\/en\\\/information-clause\\\/#breadcrumb\",\"itemListElement\":[{\"@type\":\"ListItem\",\"position\":1,\"name\":\"Strona g\u0142\u00f3wna\",\"item\":\"https:\\\/\\\/ordoiuris.pl\\\/en\\\/\"},{\"@type\":\"ListItem\",\"position\":2,\"name\":\"Information Clause\"}]},{\"@type\":\"WebSite\",\"@id\":\"https:\\\/\\\/ordoiuris.pl\\\/en\\\/#website\",\"url\":\"https:\\\/\\\/ordoiuris.pl\\\/en\\\/\",\"name\":\"ordoiuris.pl\",\"description\":\"\",\"publisher\":{\"@id\":\"https:\\\/\\\/ordoiuris.pl\\\/en\\\/#organization\"},\"potentialAction\":[{\"@type\":\"SearchAction\",\"target\":{\"@type\":\"EntryPoint\",\"urlTemplate\":\"https:\\\/\\\/ordoiuris.pl\\\/en\\\/?s={search_term_string}\"},\"query-input\":{\"@type\":\"PropertyValueSpecification\",\"valueRequired\":true,\"valueName\":\"search_term_string\"}}],\"inLanguage\":\"en-US\"},{\"@type\":\"Organization\",\"@id\":\"https:\\\/\\\/ordoiuris.pl\\\/en\\\/#organization\",\"name\":\"ordoiuris.pl\",\"url\":\"https:\\\/\\\/ordoiuris.pl\\\/en\\\/\",\"logo\":{\"@type\":\"ImageObject\",\"inLanguage\":\"en-US\",\"@id\":\"https:\\\/\\\/ordoiuris.pl\\\/en\\\/#\\\/schema\\\/logo\\\/image\\\/\",\"url\":\"https:\\\/\\\/ordoiuris.pl\\\/wp-content\\\/uploads\\\/2025\\\/06\\\/logo_oi_eng-1.png\",\"contentUrl\":\"https:\\\/\\\/ordoiuris.pl\\\/wp-content\\\/uploads\\\/2025\\\/06\\\/logo_oi_eng-1.png\",\"width\":400,\"height\":400,\"caption\":\"ordoiuris.pl\"},\"image\":{\"@id\":\"https:\\\/\\\/ordoiuris.pl\\\/en\\\/#\\\/schema\\\/logo\\\/image\\\/\"}}]}<\/script>\n<!-- \/ Yoast SEO plugin. -->","yoast_head_json":{"title":"Information Clause - ordoiuris.pl","robots":{"index":"index","follow":"follow","max-snippet":"max-snippet:-1","max-image-preview":"max-image-preview:large","max-video-preview":"max-video-preview:-1"},"canonical":"https:\/\/ordoiuris.pl\/en\/information-clause\/","og_locale":"en_US","og_type":"article","og_title":"Information Clause - ordoiuris.pl","og_description":"Klauzula informacyjna Zgodnie z art. 13 ust. 1 i 2 rozporz\u0105dzenia Parlamentu Europejskiego i Rady (UE) 2016\/679 z 27.04.2016 r. w sprawie ochrony os\u00f3b fizycznych w zwi\u0105zku z przetwarzaniem danych osobowych i w sprawie swobodnego przep\u0142ywu takich danych oraz uchylenia dyrektywy 95\/46\/WE (og\u00f3lne rozporz\u0105dzenie o ochronie danych) (Dz. U. UE. L. z 2016 r. Nr...","og_url":"https:\/\/ordoiuris.pl\/en\/information-clause\/","og_site_name":"ordoiuris.pl","article_modified_time":"2024-10-10T11:34:26+00:00","twitter_card":"summary_large_image","twitter_misc":{"Est. reading time":"3 minutes"},"schema":{"@context":"https:\/\/schema.org","@graph":[{"@type":"WebPage","@id":"https:\/\/ordoiuris.pl\/en\/information-clause\/","url":"https:\/\/ordoiuris.pl\/en\/information-clause\/","name":"Information Clause - ordoiuris.pl","isPartOf":{"@id":"https:\/\/ordoiuris.pl\/en\/#website"},"datePublished":"2024-01-23T21:03:41+00:00","dateModified":"2024-10-10T11:34:26+00:00","breadcrumb":{"@id":"https:\/\/ordoiuris.pl\/en\/information-clause\/#breadcrumb"},"inLanguage":"en-US","potentialAction":[{"@type":"ReadAction","target":["https:\/\/ordoiuris.pl\/en\/information-clause\/"]}]},{"@type":"BreadcrumbList","@id":"https:\/\/ordoiuris.pl\/en\/information-clause\/#breadcrumb","itemListElement":[{"@type":"ListItem","position":1,"name":"Strona g\u0142\u00f3wna","item":"https:\/\/ordoiuris.pl\/en\/"},{"@type":"ListItem","position":2,"name":"Information Clause"}]},{"@type":"WebSite","@id":"https:\/\/ordoiuris.pl\/en\/#website","url":"https:\/\/ordoiuris.pl\/en\/","name":"ordoiuris.pl","description":"","publisher":{"@id":"https:\/\/ordoiuris.pl\/en\/#organization"},"potentialAction":[{"@type":"SearchAction","target":{"@type":"EntryPoint","urlTemplate":"https:\/\/ordoiuris.pl\/en\/?s={search_term_string}"},"query-input":{"@type":"PropertyValueSpecification","valueRequired":true,"valueName":"search_term_string"}}],"inLanguage":"en-US"},{"@type":"Organization","@id":"https:\/\/ordoiuris.pl\/en\/#organization","name":"ordoiuris.pl","url":"https:\/\/ordoiuris.pl\/en\/","logo":{"@type":"ImageObject","inLanguage":"en-US","@id":"https:\/\/ordoiuris.pl\/en\/#\/schema\/logo\/image\/","url":"https:\/\/ordoiuris.pl\/wp-content\/uploads\/2025\/06\/logo_oi_eng-1.png","contentUrl":"https:\/\/ordoiuris.pl\/wp-content\/uploads\/2025\/06\/logo_oi_eng-1.png","width":400,"height":400,"caption":"ordoiuris.pl"},"image":{"@id":"https:\/\/ordoiuris.pl\/en\/#\/schema\/logo\/image\/"}}]}},"taxonomy_info":[],"featured_image_src_large":false,"author_info":{"display_name":"Olivier Bault","author_link":"https:\/\/ordoiuris.pl\/en\/author\/olivier_bault\/"},"comment_info":0,"_links":{"self":[{"href":"https:\/\/ordoiuris.pl\/en\/wp-json\/wp\/v2\/pages\/5226","targetHints":{"allow":["GET"]}}],"collection":[{"href":"https:\/\/ordoiuris.pl\/en\/wp-json\/wp\/v2\/pages"}],"about":[{"href":"https:\/\/ordoiuris.pl\/en\/wp-json\/wp\/v2\/types\/page"}],"author":[{"embeddable":true,"href":"https:\/\/ordoiuris.pl\/en\/wp-json\/wp\/v2\/users\/3"}],"replies":[{"embeddable":true,"href":"https:\/\/ordoiuris.pl\/en\/wp-json\/wp\/v2\/comments?post=5226"}],"version-history":[{"count":0,"href":"https:\/\/ordoiuris.pl\/en\/wp-json\/wp\/v2\/pages\/5226\/revisions"}],"wp:attachment":[{"href":"https:\/\/ordoiuris.pl\/en\/wp-json\/wp\/v2\/media?parent=5226"}],"curies":[{"name":"wp","href":"https:\/\/api.w.org\/{rel}","templated":true}]}}